{"id":3650,"date":"2021-09-07T15:48:39","date_gmt":"2021-09-07T13:48:39","guid":{"rendered":"http:\/\/aeds-tunisie.com\/?page_id=3650"},"modified":"2021-09-07T15:50:14","modified_gmt":"2021-09-07T13:50:14","slug":"ppi-oscan2","status":"publish","type":"page","link":"http:\/\/aeds-tunisie.com\/?page_id=3650","title":{"rendered":"PPI OSCAN2"},"content":{"rendered":"\t\t<div data-elementor-type=\"wp-page\" data-elementor-id=\"3650\" class=\"elementor elementor-3650\" data-elementor-settings=\"[]\">\n\t\t\t\t\t\t\t<div class=\"elementor-section-wrap\">\n\t\t\t\t\t\t\t<section class=\"elementor-section elementor-top-section elementor-element elementor-element-9174493 elementor-section-boxed elementor-section-height-default elementor-section-height-default\" data-id=\"9174493\" data-element_type=\"section\">\n\t\t\t\t\t\t<div class=\"elementor-container elementor-column-gap-default\">\n\t\t\t\t\t<div class=\"elementor-column elementor-col-100 elementor-top-column elementor-element elementor-element-3dd8ed1\" data-id=\"3dd8ed1\" data-element_type=\"column\">\n\t\t\t<div class=\"elementor-widget-wrap\">\n\t\t\t\t\t\t\t\t\t<\/div>\n\t\t<\/div>\n\t\t\t\t\t\t\t<\/div>\n\t\t<\/section>\n\t\t\t\t<section class=\"elementor-section elementor-top-section elementor-element elementor-element-a7eceb8 elementor-section-boxed elementor-section-height-default elementor-section-height-default\" data-id=\"a7eceb8\" data-element_type=\"section\">\n\t\t\t\t\t\t<div class=\"elementor-container elementor-column-gap-default\">\n\t\t\t\t\t<div class=\"elementor-column elementor-col-100 elementor-top-column elementor-element elementor-element-935c50d\" data-id=\"935c50d\" data-element_type=\"column\">\n\t\t\t<div class=\"elementor-widget-wrap elementor-element-populated\">\n\t\t\t\t\t\t\t\t<section class=\"elementor-section elementor-inner-section elementor-element elementor-element-eeaf93b elementor-section-boxed elementor-section-height-default elementor-section-height-default\" data-id=\"eeaf93b\" data-element_type=\"section\" data-settings=\"{&quot;background_background&quot;:&quot;classic&quot;}\">\n\t\t\t\t\t\t<div class=\"elementor-container elementor-column-gap-no\">\n\t\t\t\t\t<div class=\"elementor-column elementor-col-50 elementor-inner-column elementor-element elementor-element-8f466be\" data-id=\"8f466be\" data-element_type=\"column\">\n\t\t\t<div class=\"elementor-widget-wrap elementor-element-populated\">\n\t\t\t\t\t\t\t\t<div class=\"elementor-element elementor-element-3d2080b gyan-title-st-line-after elementor-widget elementor-widget-gyan_title\" data-id=\"3d2080b\" data-element_type=\"widget\" data-widget_type=\"gyan_title.default\">\n\t\t\t\t<div class=\"elementor-widget-container\">\n\t\t\t\t\t<div class=\"gyan-title\">\n\t\t\t<div class=\"gyan-title-subtitle\"><span>AEDS<\/span><\/div><h2 class=\"gyan-title-heading\">PPI OSCAN 2 <\/h2>\t\t<\/div>\n\t\t\t\t<\/div>\n\t\t\t\t<\/div>\n\t\t\t\t\t<\/div>\n\t\t<\/div>\n\t\t\t\t<div class=\"elementor-column elementor-col-50 elementor-inner-column elementor-element elementor-element-ac02e43\" data-id=\"ac02e43\" data-element_type=\"column\">\n\t\t\t<div class=\"elementor-widget-wrap elementor-element-populated\">\n\t\t\t\t\t\t\t\t<div class=\"elementor-element elementor-element-1532a10 elementor-widget elementor-widget-text-editor\" data-id=\"1532a10\" data-element_type=\"widget\" data-widget_type=\"text-editor.default\">\n\t\t\t\t<div class=\"elementor-widget-container\">\n\t\t\t\t\t<div class=\"elementor-text-editor elementor-clearfix\"><p><strong>2- Projet FloraWetS\u00a0: Les ressources naturelles prot\u00e9g\u00e9es assurent le d\u00e9veloppement durable<\/strong><\/p><p>Ce projet est une continuit\u00e9 des efforts des projets ant\u00e9rieurs qui exploitera les r\u00e9sultats des travaux men\u00e9s sur les zones humides, Sebkhet Soliman pour mieux la conserver, il consiste \u00e0 harmoniser tous ces atouts et renforcer les capacit\u00e9s des b\u00e9n\u00e9ficiaires pour une implication plus fortes des riverains qui seront les plus proche protecteurs du site et des chercheurs qui vont offrirent une marge importante pour assurer une gestion participative, efficace et durable de notre zone.<br \/>Les objectifs :<br \/>1-Sensibiliser les habitants de la zone humide \u00ab Sebkhet Soliman \u00bb (jeunes agriculteurs et femmes rurales) \u00e0 l\u2019importance \u00e9cologique et hydrologique de leur site. Ainsi que le renforcement des capacit\u00e9s des acteurs concern\u00e9s par la conservation de la Sebkha (chercheurs, soci\u00e9t\u00e9 civile, gestionnaires, femmes rurales, jeunes agriculteurs de la r\u00e9gion, Comit\u00e9 Local d\u2019Appui \u00e0 la Gestion-CLAG) sur la gestion durable des zones humides et la valorisation des biens du site en relation avec les changements climatiques.<\/p><\/div>\n\t\t\t\t<\/div>\n\t\t\t\t<\/div>\n\t\t\t\t\t<\/div>\n\t\t<\/div>\n\t\t\t\t\t\t\t<\/div>\n\t\t<\/section>\n\t\t\t\t\t<\/div>\n\t\t<\/div>\n\t\t\t\t\t\t\t<\/div>\n\t\t<\/section>\n\t\t\t\t\t\t<\/div>\n\t\t\t\t\t<\/div>\n\t\t","protected":false},"excerpt":{"rendered":"<p>AEDS PPI OSCAN 2 2- Projet FloraWetS\u00a0: Les ressources naturelles prot\u00e9g\u00e9es assurent le d\u00e9veloppement durable Ce projet est une continuit\u00e9 des efforts des projets ant\u00e9rieurs qui exploitera les r\u00e9sultats des travaux men\u00e9s sur les zones humides, Sebkhet Soliman pour mieux la conserver, il consiste \u00e0 harmoniser tous ces atouts et [&hellip;]<\/p>\n","protected":false},"author":1,"featured_media":0,"parent":0,"menu_order":0,"comment_status":"closed","ping_status":"closed","template":"","meta":{"footnotes":""},"class_list":["post-3650","page","type-page","status-publish","hentry"],"_links":{"self":[{"href":"http:\/\/aeds-tunisie.com\/index.php?rest_route=\/wp\/v2\/pages\/3650","targetHints":{"allow":["GET"]}}],"collection":[{"href":"http:\/\/aeds-tunisie.com\/index.php?rest_route=\/wp\/v2\/pages"}],"about":[{"href":"http:\/\/aeds-tunisie.com\/index.php?rest_route=\/wp\/v2\/types\/page"}],"author":[{"embeddable":true,"href":"http:\/\/aeds-tunisie.com\/index.php?rest_route=\/wp\/v2\/users\/1"}],"replies":[{"embeddable":true,"href":"http:\/\/aeds-tunisie.com\/index.php?rest_route=%2Fwp%2Fv2%2Fcomments&post=3650"}],"version-history":[{"count":4,"href":"http:\/\/aeds-tunisie.com\/index.php?rest_route=\/wp\/v2\/pages\/3650\/revisions"}],"predecessor-version":[{"id":3654,"href":"http:\/\/aeds-tunisie.com\/index.php?rest_route=\/wp\/v2\/pages\/3650\/revisions\/3654"}],"wp:attachment":[{"href":"http:\/\/aeds-tunisie.com\/index.php?rest_route=%2Fwp%2Fv2%2Fmedia&parent=3650"}],"curies":[{"name":"wp","href":"https:\/\/api.w.org\/{rel}","templated":true}]}}