{"id":3658,"date":"2021-09-07T15:56:22","date_gmt":"2021-09-07T13:56:22","guid":{"rendered":"http:\/\/aeds-tunisie.com\/?page_id=3658"},"modified":"2021-09-07T15:59:57","modified_gmt":"2021-09-07T13:59:57","slug":"sea-tu-med","status":"publish","type":"page","link":"http:\/\/aeds-tunisie.com\/?page_id=3658","title":{"rendered":"SEA TU MED"},"content":{"rendered":"\t\t<div data-elementor-type=\"wp-page\" data-elementor-id=\"3658\" class=\"elementor elementor-3658\" data-elementor-settings=\"[]\">\n\t\t\t\t\t\t\t<div class=\"elementor-section-wrap\">\n\t\t\t\t\t\t\t<section class=\"elementor-section elementor-top-section elementor-element elementor-element-f0f4d58 elementor-section-boxed elementor-section-height-default elementor-section-height-default\" data-id=\"f0f4d58\" data-element_type=\"section\">\n\t\t\t\t\t\t<div class=\"elementor-container elementor-column-gap-default\">\n\t\t\t\t\t<div class=\"elementor-column elementor-col-100 elementor-top-column elementor-element elementor-element-2ec510c\" data-id=\"2ec510c\" data-element_type=\"column\">\n\t\t\t<div class=\"elementor-widget-wrap elementor-element-populated\">\n\t\t\t\t\t\t\t\t<section class=\"elementor-section elementor-inner-section elementor-element elementor-element-ec6a546 elementor-section-boxed elementor-section-height-default elementor-section-height-default\" data-id=\"ec6a546\" data-element_type=\"section\" data-settings=\"{&quot;background_background&quot;:&quot;classic&quot;}\">\n\t\t\t\t\t\t<div class=\"elementor-container elementor-column-gap-no\">\n\t\t\t\t\t<div class=\"elementor-column elementor-col-50 elementor-inner-column elementor-element elementor-element-47f7fd0\" data-id=\"47f7fd0\" data-element_type=\"column\">\n\t\t\t<div class=\"elementor-widget-wrap elementor-element-populated\">\n\t\t\t\t\t\t\t\t<div class=\"elementor-element elementor-element-7c4049a gyan-title-st-line-after elementor-widget elementor-widget-gyan_title\" data-id=\"7c4049a\" data-element_type=\"widget\" data-widget_type=\"gyan_title.default\">\n\t\t\t\t<div class=\"elementor-widget-container\">\n\t\t\t\t\t<div class=\"gyan-title\">\n\t\t\t<div class=\"gyan-title-subtitle\"><span>AEDS<\/span><\/div><h2 class=\"gyan-title-heading\">SEA TU MED<\/h2>\t\t<\/div>\n\t\t\t\t<\/div>\n\t\t\t\t<\/div>\n\t\t\t\t\t<\/div>\n\t\t<\/div>\n\t\t\t\t<div class=\"elementor-column elementor-col-50 elementor-inner-column elementor-element elementor-element-c36a95f\" data-id=\"c36a95f\" data-element_type=\"column\">\n\t\t\t<div class=\"elementor-widget-wrap elementor-element-populated\">\n\t\t\t\t\t\t\t\t<div class=\"elementor-element elementor-element-a9d0262 elementor-widget elementor-widget-text-editor\" data-id=\"a9d0262\" data-element_type=\"widget\" data-widget_type=\"text-editor.default\">\n\t\t\t\t<div class=\"elementor-widget-container\">\n\t\t\t\t\t<div class=\"elementor-text-editor elementor-clearfix\"><p>Guide \u00e9labor\u00e9 Par le comit\u00e9 scientifique dans le cadre du programme de petites initiatives pour les organisations de la Soci\u00e9t\u00e9 Civile d\u2019Afrique du Nord ( PPI-OSCAN)<\/p><p>\u00a0 Programme d\u00e9velopp\u00e9 par l\u2019Union Internationale pour la conservation de la Nature, il est mis en ex\u00e9cution en 2014 par le centre de coop\u00e9ration de la M\u00e9diterran\u00e9e (UICN_MED) avec le financement de la Fondation Mava (FM) et le Fonds Fran\u00e7ais pour l\u2019Environnement Mondial ( FFEM)<\/p><p>L\u2019objectif de ce guide est de d\u00e9couvrir la diversit\u00e9 des plantes de la zone humide de Soliman et de contribuer \u00e0 leur protection<\/p><\/div>\n\t\t\t\t<\/div>\n\t\t\t\t<\/div>\n\t\t\t\t\t<\/div>\n\t\t<\/div>\n\t\t\t\t\t\t\t<\/div>\n\t\t<\/section>\n\t\t\t\t\t<\/div>\n\t\t<\/div>\n\t\t\t\t\t\t\t<\/div>\n\t\t<\/section>\n\t\t\t\t\t\t<\/div>\n\t\t\t\t\t<\/div>\n\t\t","protected":false},"excerpt":{"rendered":"<p>AEDS SEA TU MED Guide \u00e9labor\u00e9 Par le comit\u00e9 scientifique dans le cadre du programme de petites initiatives pour les organisations de la Soci\u00e9t\u00e9 Civile d\u2019Afrique du Nord ( PPI-OSCAN) \u00a0 Programme d\u00e9velopp\u00e9 par l\u2019Union Internationale pour la conservation de la Nature, il est mis en ex\u00e9cution en 2014 par [&hellip;]<\/p>\n","protected":false},"author":1,"featured_media":0,"parent":0,"menu_order":0,"comment_status":"closed","ping_status":"closed","template":"","meta":{"footnotes":""},"class_list":["post-3658","page","type-page","status-publish","hentry"],"_links":{"self":[{"href":"http:\/\/aeds-tunisie.com\/index.php?rest_route=\/wp\/v2\/pages\/3658","targetHints":{"allow":["GET"]}}],"collection":[{"href":"http:\/\/aeds-tunisie.com\/index.php?rest_route=\/wp\/v2\/pages"}],"about":[{"href":"http:\/\/aeds-tunisie.com\/index.php?rest_route=\/wp\/v2\/types\/page"}],"author":[{"embeddable":true,"href":"http:\/\/aeds-tunisie.com\/index.php?rest_route=\/wp\/v2\/users\/1"}],"replies":[{"embeddable":true,"href":"http:\/\/aeds-tunisie.com\/index.php?rest_route=%2Fwp%2Fv2%2Fcomments&post=3658"}],"version-history":[{"count":4,"href":"http:\/\/aeds-tunisie.com\/index.php?rest_route=\/wp\/v2\/pages\/3658\/revisions"}],"predecessor-version":[{"id":3662,"href":"http:\/\/aeds-tunisie.com\/index.php?rest_route=\/wp\/v2\/pages\/3658\/revisions\/3662"}],"wp:attachment":[{"href":"http:\/\/aeds-tunisie.com\/index.php?rest_route=%2Fwp%2Fv2%2Fmedia&parent=3658"}],"curies":[{"name":"wp","href":"https:\/\/api.w.org\/{rel}","templated":true}]}}