{"id":2377,"date":"2021-03-22T13:45:19","date_gmt":"2021-03-22T12:45:19","guid":{"rendered":"https:\/\/host.hellowebtunisie.com\/~aedstunisie\/?page_id=2377"},"modified":"2021-09-07T16:03:25","modified_gmt":"2021-09-07T14:03:25","slug":"les-projets","status":"publish","type":"page","link":"https:\/\/aeds-tunisie.com\/?page_id=2377","title":{"rendered":"Les projets"},"content":{"rendered":"\t\t<div data-elementor-type=\"wp-page\" data-elementor-id=\"2377\" class=\"elementor elementor-2377\" data-elementor-settings=\"[]\">\n\t\t\t\t\t\t\t<div class=\"elementor-section-wrap\">\n\t\t\t\t\t\t\t<section class=\"elementor-section elementor-top-section elementor-element elementor-element-9f01779 elementor-section-boxed elementor-section-height-default elementor-section-height-default\" data-id=\"9f01779\" data-element_type=\"section\">\n\t\t\t\t\t\t<div class=\"elementor-container elementor-column-gap-default\">\n\t\t\t\t\t<div class=\"elementor-column elementor-col-100 elementor-top-column elementor-element elementor-element-f18bd32\" data-id=\"f18bd32\" data-element_type=\"column\">\n\t\t\t<div class=\"elementor-widget-wrap elementor-element-populated\">\n\t\t\t\t\t\t\t\t<section class=\"elementor-section elementor-inner-section elementor-element elementor-element-0fd068e elementor-section-boxed elementor-section-height-default elementor-section-height-default\" data-id=\"0fd068e\" data-element_type=\"section\">\n\t\t\t\t\t\t<div class=\"elementor-container elementor-column-gap-no\">\n\t\t\t\t\t<div class=\"elementor-column elementor-col-100 elementor-inner-column elementor-element elementor-element-9ad6bc3\" data-id=\"9ad6bc3\" data-element_type=\"column\">\n\t\t\t<div class=\"elementor-widget-wrap elementor-element-populated\">\n\t\t\t\t\t\t\t\t<div class=\"elementor-element elementor-element-0d67053 gyan-title-st-line-after elementor-widget elementor-widget-gyan_title\" data-id=\"0d67053\" data-element_type=\"widget\" data-widget_type=\"gyan_title.default\">\n\t\t\t\t<div class=\"elementor-widget-container\">\n\t\t\t\t\t<div class=\"gyan-title\">\n\t\t\t<div class=\"gyan-title-subtitle\"><span>AEDS<\/span><\/div>\t\t<\/div>\n\t\t\t\t<\/div>\n\t\t\t\t<\/div>\n\t\t\t\t\t<\/div>\n\t\t<\/div>\n\t\t\t\t\t\t\t<\/div>\n\t\t<\/section>\n\t\t\t\t\t<\/div>\n\t\t<\/div>\n\t\t\t\t\t\t\t<\/div>\n\t\t<\/section>\n\t\t\t\t<section class=\"elementor-section elementor-top-section elementor-element elementor-element-d71b34b elementor-section-boxed elementor-section-height-default elementor-section-height-default\" data-id=\"d71b34b\" data-element_type=\"section\">\n\t\t\t\t\t\t<div class=\"elementor-container elementor-column-gap-default\">\n\t\t\t\t\t<div class=\"elementor-column elementor-col-100 elementor-top-column elementor-element elementor-element-abd8765\" data-id=\"abd8765\" data-element_type=\"column\">\n\t\t\t<div class=\"elementor-widget-wrap elementor-element-populated\">\n\t\t\t\t\t\t\t\t<div class=\"elementor-element elementor-element-fd3c070 gyan-services-overlay-align-left elementor-grid-3 elementor-grid-tablet-2 elementor-grid-mobile-1 elementor-widget elementor-widget-gyan_services\" data-id=\"fd3c070\" data-element_type=\"widget\" data-settings=\"{&quot;columns&quot;:&quot;3&quot;,&quot;columns_tablet&quot;:&quot;2&quot;,&quot;columns_mobile&quot;:&quot;1&quot;}\" data-widget_type=\"gyan_services.default\">\n\t\t\t\t<div class=\"elementor-widget-container\">\n\t\t\t\n\t\t<div class=\"gyan-services-container gyan-services-st-3 gyan-services-container-fd3c070\" data-layout=\"grid\" data-rtl=\"false\">\n\n\t\t\t<div class=\"gyan-services-items gyan-elementor-grid\">\n\n\t\t\t\t\n\t\t\t\t\t<div class=\"gyan-service-item gyan-grid-item-wrap\">\n\t\t\t\t\t\t<div class=\"gyan-services gyan-grid-item gyan-ease-transition\">\n\t\t\t\t\t\t\t<div class=\"gyan-services-all-content\">\n\t<div class=\"gyan-services-image\">\n\t\t<img decoding=\"async\" src=\"https:\/\/aeds-tunisie.com\/wp-content\/uploads\/2021\/05\/1.jpg\" alt=\"\">\t\t<span class=\"gyan-services-img-overlay-bg gyan-ease-transition\"><\/span>\n\t<\/div>\n\t\t\t<div class=\"gyan-services-overlay gyan-ease-transition\">\n\t\t\t\t\t\t<h6 class=\"gyan-services-overlay-title\"><a href=\"http:\/\/aeds-tunisie.com\/?page_id=3608\" class=\"gyan-service-link\">Environ mobil<\/a><\/h6>\t\t\t\t\t\t<div class=\"gyan-services-overlay-desc\">- D\u00e9marrage du projet : 25\/06\/2015\n- Cl\u00f4ture du projet : 25\/06\/2016\n- Cout totale du projet : 1.500,000 DT<\/div>\t\t\t<a href=\"http:\/\/aeds-tunisie.com\/?page_id=3608\" class=\"gyan-service-link gyan-services-button gyan-ease-transition gyan-flex\"><span>Voir plus<\/span><span class=\"gyan-services-button-icon gyan-icon\"><\/span><\/a>\t\t<\/div>\n\t<\/div>\t\t\t\t\t\t<\/div>\n\t\t\t\t\t<\/div>\n\n\t\t\t\t \n\t\t\t\t\t<div class=\"gyan-service-item gyan-grid-item-wrap\">\n\t\t\t\t\t\t<div class=\"gyan-services gyan-grid-item gyan-ease-transition\">\n\t\t\t\t\t\t\t<div class=\"gyan-services-all-content\">\n\t<div class=\"gyan-services-image\">\n\t\t<img decoding=\"async\" src=\"https:\/\/aeds-tunisie.com\/wp-content\/uploads\/2021\/05\/ou.jpg\" alt=\"\">\t\t<span class=\"gyan-services-img-overlay-bg gyan-ease-transition\"><\/span>\n\t<\/div>\n\t\t\t<div class=\"gyan-services-overlay gyan-ease-transition\">\n\t\t\t\t\t\t<h6 class=\"gyan-services-overlay-title\"><a href=\"http:\/\/aeds-tunisie.com\/?page_id=3596\" class=\"gyan-service-link\">Valorisation d\u2019un jardin <\/a><\/h6>\t\t\t\t\t\t<div class=\"gyan-services-overlay-desc\">Valorisation  d'un jardin de quartier est un projet Financ\u00e9 par la commune de Soliman qui vise \u00e0 encourager <\/div>\t\t\t<a href=\"http:\/\/aeds-tunisie.com\/?page_id=3596\" class=\"gyan-service-link gyan-services-button gyan-ease-transition gyan-flex\"><span>Voir plus<\/span><span class=\"gyan-services-button-icon gyan-icon\"><\/span><\/a>\t\t<\/div>\n\t<\/div>\t\t\t\t\t\t<\/div>\n\t\t\t\t\t<\/div>\n\n\t\t\t\t \n\t\t\t\t\t<div class=\"gyan-service-item gyan-grid-item-wrap\">\n\t\t\t\t\t\t<div class=\"gyan-services gyan-grid-item gyan-ease-transition\">\n\t\t\t\t\t\t\t<div class=\"gyan-services-all-content\">\n\t<div class=\"gyan-services-image\">\n\t\t<img decoding=\"async\" src=\"https:\/\/aeds-tunisie.com\/wp-content\/uploads\/2021\/09\/ds.jpg\" alt=\"\">\t\t<span class=\"gyan-services-img-overlay-bg gyan-ease-transition\"><\/span>\n\t<\/div>\n\t\t\t<div class=\"gyan-services-overlay gyan-ease-transition\">\n\t\t\t\t\t\t<h6 class=\"gyan-services-overlay-title\"><a href=\"http:\/\/aeds-tunisie.com\/?page_id=3616\" class=\"gyan-service-link\">Changement climatique et ressources en eau<\/a><\/h6>\t\t\t\t\t\t<div class=\"gyan-services-overlay-desc\">au d\u00e9veloppement local \nD\u00e9marrage du projet : 01\/07\/2018\nCl\u00f4ture du projet : 30\/06\/2020<\/div>\t\t\t<a href=\"http:\/\/aeds-tunisie.com\/?page_id=3616\" class=\"gyan-service-link gyan-services-button gyan-ease-transition gyan-flex\"><span>Voir plus<\/span><span class=\"gyan-services-button-icon gyan-icon\"><\/span><\/a>\t\t<\/div>\n\t<\/div>\t\t\t\t\t\t<\/div>\n\t\t\t\t\t<\/div>\n\n\t\t\t\t \n\t\t\t <\/div> <!-- gyan-services-items -->\n\t\t\t <div class=\"clear\"><\/div>\n\n\t\t<\/div>\n\n\t\t\t<\/div>\n\t\t\t\t<\/div>\n\t\t\t\t\t<\/div>\n\t\t<\/div>\n\t\t\t\t\t\t\t<\/div>\n\t\t<\/section>\n\t\t\t\t<section class=\"elementor-section elementor-top-section elementor-element elementor-element-09192e5 elementor-section-boxed elementor-section-height-default elementor-section-height-default\" data-id=\"09192e5\" data-element_type=\"section\">\n\t\t\t\t\t\t<div class=\"elementor-container elementor-column-gap-default\">\n\t\t\t\t\t<div class=\"elementor-column elementor-col-100 elementor-top-column elementor-element elementor-element-cc258db\" data-id=\"cc258db\" data-element_type=\"column\">\n\t\t\t<div class=\"elementor-widget-wrap elementor-element-populated\">\n\t\t\t\t\t\t\t\t<section class=\"elementor-section elementor-inner-section elementor-element elementor-element-c508fc0 elementor-section-boxed elementor-section-height-default elementor-section-height-default\" data-id=\"c508fc0\" data-element_type=\"section\">\n\t\t\t\t\t\t<div class=\"elementor-container elementor-column-gap-no\">\n\t\t\t\t\t<div class=\"elementor-column elementor-col-100 elementor-inner-column elementor-element elementor-element-2cf16e4\" data-id=\"2cf16e4\" data-element_type=\"column\">\n\t\t\t<div class=\"elementor-widget-wrap\">\n\t\t\t\t\t\t\t\t\t<\/div>\n\t\t<\/div>\n\t\t\t\t\t\t\t<\/div>\n\t\t<\/section>\n\t\t\t\t\t<\/div>\n\t\t<\/div>\n\t\t\t\t\t\t\t<\/div>\n\t\t<\/section>\n\t\t\t\t<section class=\"elementor-section elementor-top-section elementor-element elementor-element-6c43b70 elementor-section-boxed elementor-section-height-default elementor-section-height-default\" data-id=\"6c43b70\" data-element_type=\"section\">\n\t\t\t\t\t\t<div class=\"elementor-container elementor-column-gap-default\">\n\t\t\t\t\t<div class=\"elementor-column elementor-col-100 elementor-top-column elementor-element elementor-element-7ba8b78\" data-id=\"7ba8b78\" data-element_type=\"column\">\n\t\t\t<div class=\"elementor-widget-wrap elementor-element-populated\">\n\t\t\t\t\t\t\t\t<div class=\"elementor-element elementor-element-5249b48 gyan-services-overlay-align-left elementor-grid-3 elementor-grid-tablet-2 elementor-grid-mobile-1 elementor-widget elementor-widget-gyan_services\" data-id=\"5249b48\" data-element_type=\"widget\" data-settings=\"{&quot;columns&quot;:&quot;3&quot;,&quot;columns_tablet&quot;:&quot;2&quot;,&quot;columns_mobile&quot;:&quot;1&quot;}\" data-widget_type=\"gyan_services.default\">\n\t\t\t\t<div class=\"elementor-widget-container\">\n\t\t\t\n\t\t<div class=\"gyan-services-container gyan-services-st-3 gyan-services-container-5249b48\" data-layout=\"grid\" data-rtl=\"false\">\n\n\t\t\t<div class=\"gyan-services-items gyan-elementor-grid\">\n\n\t\t\t\t\n\t\t\t\t\t<div class=\"gyan-service-item gyan-grid-item-wrap\">\n\t\t\t\t\t\t<div class=\"gyan-services gyan-grid-item gyan-ease-transition\">\n\t\t\t\t\t\t\t<div class=\"gyan-services-all-content\">\n\t<div class=\"gyan-services-image\">\n\t\t<img decoding=\"async\" src=\"https:\/\/aeds-tunisie.com\/wp-content\/uploads\/2021\/09\/d.jpg\" alt=\"\">\t\t<span class=\"gyan-services-img-overlay-bg gyan-ease-transition\"><\/span>\n\t<\/div>\n\t\t\t<div class=\"gyan-services-overlay gyan-ease-transition\">\n\t\t\t\t\t\t<h6 class=\"gyan-services-overlay-title\"><a href=\"http:\/\/aeds-tunisie.com\/?page_id=3627\" class=\"gyan-service-link\">Changements climatiques et d\u00e9veloppement durable.<\/a><\/h6>\t\t\t\t\t\t<div class=\"gyan-services-overlay-desc\">Ce projet est une continuit\u00e9 des efforts des projets ant\u00e9rieurs qui exploitera les r\u00e9sultats des travaux men\u00e9s sur les zones humides<\/div>\t\t\t<a href=\"http:\/\/aeds-tunisie.com\/?page_id=3627\" class=\"gyan-service-link gyan-services-button gyan-ease-transition gyan-flex\"><span>Voir plus<\/span><span class=\"gyan-services-button-icon gyan-icon\"><\/span><\/a>\t\t<\/div>\n\t<\/div>\t\t\t\t\t\t<\/div>\n\t\t\t\t\t<\/div>\n\n\t\t\t\t \n\t\t\t\t\t<div class=\"gyan-service-item gyan-grid-item-wrap\">\n\t\t\t\t\t\t<div class=\"gyan-services gyan-grid-item gyan-ease-transition\">\n\t\t\t\t\t\t\t<div class=\"gyan-services-all-content\">\n\t<div class=\"gyan-services-image\">\n\t\t<img decoding=\"async\" src=\"https:\/\/aeds-tunisie.com\/wp-content\/uploads\/2021\/09\/h.jpg\" alt=\"\">\t\t<span class=\"gyan-services-img-overlay-bg gyan-ease-transition\"><\/span>\n\t<\/div>\n\t\t\t<div class=\"gyan-services-overlay gyan-ease-transition\">\n\t\t\t\t\t\t<h6 class=\"gyan-services-overlay-title\"><a href=\"http:\/\/aeds-tunisie.com\/?page_id=3635\" class=\"gyan-service-link\">PPI OSCAN1<\/a><\/h6>\t\t\t\t\t\t<div class=\"gyan-services-overlay-desc\">Sebkhet Soliman: une destination favorable aux oiseaux et une richesse naturelle m\u00e9connue<\/div>\t\t\t<a href=\"http:\/\/aeds-tunisie.com\/?page_id=3635\" class=\"gyan-service-link gyan-services-button gyan-ease-transition gyan-flex\"><span>Voir plus<\/span><span class=\"gyan-services-button-icon gyan-icon\"><\/span><\/a>\t\t<\/div>\n\t<\/div>\t\t\t\t\t\t<\/div>\n\t\t\t\t\t<\/div>\n\n\t\t\t\t \n\t\t\t\t\t<div class=\"gyan-service-item gyan-grid-item-wrap\">\n\t\t\t\t\t\t<div class=\"gyan-services gyan-grid-item gyan-ease-transition\">\n\t\t\t\t\t\t\t<div class=\"gyan-services-all-content\">\n\t<div class=\"gyan-services-image\">\n\t\t<img decoding=\"async\" src=\"https:\/\/aeds-tunisie.com\/wp-content\/uploads\/2021\/09\/hn.jpg\" alt=\"\">\t\t<span class=\"gyan-services-img-overlay-bg gyan-ease-transition\"><\/span>\n\t<\/div>\n\t\t\t<div class=\"gyan-services-overlay gyan-ease-transition\">\n\t\t\t\t\t\t<h6 class=\"gyan-services-overlay-title\"><a href=\"http:\/\/aeds-tunisie.com\/?page_id=3650\" class=\"gyan-service-link\">PPI OSCAN2<\/a><\/h6>\t\t\t\t\t\t<div class=\"gyan-services-overlay-desc\">Les ressources naturelles prot\u00e9g\u00e9es assurent le D\u00e9veloppement Durable: Cas de Sebkhet Soliman (FloraWetS) <\/div>\t\t\t<a href=\"http:\/\/aeds-tunisie.com\/?page_id=3650\" class=\"gyan-service-link gyan-services-button gyan-ease-transition gyan-flex\"><span>Voir plus<\/span><span class=\"gyan-services-button-icon gyan-icon\"><\/span><\/a>\t\t<\/div>\n\t<\/div>\t\t\t\t\t\t<\/div>\n\t\t\t\t\t<\/div>\n\n\t\t\t\t \n\t\t\t\t\t<div class=\"gyan-service-item gyan-grid-item-wrap\">\n\t\t\t\t\t\t<div class=\"gyan-services gyan-grid-item gyan-ease-transition\">\n\t\t\t\t\t\t\t<div class=\"gyan-services-all-content\">\n\t<div class=\"gyan-services-image\">\n\t\t<img decoding=\"async\" src=\"https:\/\/aeds-tunisie.com\/wp-content\/uploads\/2021\/09\/fg.jpg\" alt=\"\">\t\t<span class=\"gyan-services-img-overlay-bg gyan-ease-transition\"><\/span>\n\t<\/div>\n\t\t\t<div class=\"gyan-services-overlay gyan-ease-transition\">\n\t\t\t\t\t\t<h6 class=\"gyan-services-overlay-title\"><a href=\"http:\/\/aeds-tunisie.com\/?page_id=3658\" class=\"gyan-service-link\">SEA TU MED<\/a><\/h6>\t\t\t\t\t\t<div class=\"gyan-services-overlay-desc\">Les ressources naturelles prot\u00e9g\u00e9es assurent le D\u00e9veloppement Durable: Cas de Sebkhet Soliman (FloraWetS) <\/div>\t\t\t<a href=\"http:\/\/aeds-tunisie.com\/?page_id=3658\" class=\"gyan-service-link gyan-services-button gyan-ease-transition gyan-flex\"><span>Voir plus<\/span><span class=\"gyan-services-button-icon gyan-icon\"><\/span><\/a>\t\t<\/div>\n\t<\/div>\t\t\t\t\t\t<\/div>\n\t\t\t\t\t<\/div>\n\n\t\t\t\t \n\t\t\t <\/div> <!-- gyan-services-items -->\n\t\t\t <div class=\"clear\"><\/div>\n\n\t\t<\/div>\n\n\t\t\t<\/div>\n\t\t\t\t<\/div>\n\t\t\t\t\t<\/div>\n\t\t<\/div>\n\t\t\t\t\t\t\t<\/div>\n\t\t<\/section>\n\t\t\t\t\t\t<\/div>\n\t\t\t\t\t<\/div>\n\t\t","protected":false},"excerpt":{"rendered":"<p>AEDS Environ mobil &#8211; D\u00e9marrage du projet : 25\/06\/2015 &#8211; Cl\u00f4ture du projet : 25\/06\/2016 &#8211; Cout totale du projet : 1.500,000 DT Voir plus Valorisation d\u2019un jardin Valorisation d&rsquo;un jardin de quartier est un projet Financ\u00e9 par la commune de Soliman qui vise \u00e0 encourager Voir plus Changement climatique [&hellip;]<\/p>\n","protected":false},"author":1,"featured_media":0,"parent":0,"menu_order":0,"comment_status":"closed","ping_status":"closed","template":"","meta":{"footnotes":""},"class_list":["post-2377","page","type-page","status-publish","hentry"],"_links":{"self":[{"href":"https:\/\/aeds-tunisie.com\/index.php?rest_route=\/wp\/v2\/pages\/2377","targetHints":{"allow":["GET"]}}],"collection":[{"href":"https:\/\/aeds-tunisie.com\/index.php?rest_route=\/wp\/v2\/pages"}],"about":[{"href":"https:\/\/aeds-tunisie.com\/index.php?rest_route=\/wp\/v2\/types\/page"}],"author":[{"embeddable":true,"href":"https:\/\/aeds-tunisie.com\/index.php?rest_route=\/wp\/v2\/users\/1"}],"replies":[{"embeddable":true,"href":"https:\/\/aeds-tunisie.com\/index.php?rest_route=%2Fwp%2Fv2%2Fcomments&post=2377"}],"version-history":[{"count":74,"href":"https:\/\/aeds-tunisie.com\/index.php?rest_route=\/wp\/v2\/pages\/2377\/revisions"}],"predecessor-version":[{"id":3672,"href":"https:\/\/aeds-tunisie.com\/index.php?rest_route=\/wp\/v2\/pages\/2377\/revisions\/3672"}],"wp:attachment":[{"href":"https:\/\/aeds-tunisie.com\/index.php?rest_route=%2Fwp%2Fv2%2Fmedia&parent=2377"}],"curies":[{"name":"wp","href":"https:\/\/api.w.org\/{rel}","templated":true}]}}