{"id":3442,"date":"2021-05-31T15:20:34","date_gmt":"2021-05-31T13:20:34","guid":{"rendered":"https:\/\/host3.hellowebtunisie.com\/~aedstunisie\/?page_id=3442"},"modified":"2022-10-02T16:11:22","modified_gmt":"2022-10-02T14:11:22","slug":"le-conseil-administratif","status":"publish","type":"page","link":"https:\/\/aeds-tunisie.com\/?page_id=3442","title":{"rendered":"Le conseil administratif"},"content":{"rendered":"\t\t<div data-elementor-type=\"wp-page\" data-elementor-id=\"3442\" class=\"elementor elementor-3442\" data-elementor-settings=\"[]\">\n\t\t\t\t\t\t\t<div class=\"elementor-section-wrap\">\n\t\t\t\t\t\t\t<section class=\"elementor-section elementor-top-section elementor-element elementor-element-249ea09 elementor-section-boxed elementor-section-height-default elementor-section-height-default\" data-id=\"249ea09\" data-element_type=\"section\">\n\t\t\t\t\t\t<div class=\"elementor-container elementor-column-gap-default\">\n\t\t\t\t\t<div class=\"elementor-column elementor-col-100 elementor-top-column elementor-element elementor-element-32e140f\" data-id=\"32e140f\" data-element_type=\"column\">\n\t\t\t<div class=\"elementor-widget-wrap elementor-element-populated\">\n\t\t\t\t\t\t\t\t<section class=\"elementor-section elementor-inner-section elementor-element elementor-element-138e111 elementor-section-boxed elementor-section-height-default elementor-section-height-default\" data-id=\"138e111\" data-element_type=\"section\">\n\t\t\t\t\t\t<div class=\"elementor-container elementor-column-gap-no\">\n\t\t\t\t\t<div class=\"elementor-column elementor-col-50 elementor-inner-column elementor-element elementor-element-dc9c7cc\" data-id=\"dc9c7cc\" data-element_type=\"column\">\n\t\t\t<div class=\"elementor-widget-wrap elementor-element-populated\">\n\t\t\t\t\t\t\t\t<div class=\"elementor-element elementor-element-3d8e71e gyan-title-st-line-after gyan-title-desc-left elementor-widget elementor-widget-gyan_title\" data-id=\"3d8e71e\" data-element_type=\"widget\" data-widget_type=\"gyan_title.default\">\n\t\t\t\t<div class=\"elementor-widget-container\">\n\t\t\t\t\t<div class=\"gyan-title\">\n\t\t\t<div class=\"gyan-title-subtitle\"><span>AEDS<\/span><\/div><h2 class=\"gyan-title-heading\">Le Conseil administratif<\/h2><div class=\"gyan-title-desc\">L'association est administr\u00e9e par un conseil d'administration compos\u00e9 de 07 membres, qui sont \u00e9lus au scrutin secret pour une dur\u00e9e de trois ans par l'assembl\u00e9e g\u00e9n\u00e9rale.\nLe conseil est renouvel\u00e9 tous les trois ans.\nLa composition du Conseil d'administration et du mandat \u00e9lectif en 2022 est la suivante :\n\n<\/div>\t\t<\/div>\n\t\t\t\t<\/div>\n\t\t\t\t<\/div>\n\t\t\t\t\t<\/div>\n\t\t<\/div>\n\t\t\t\t<div class=\"elementor-column elementor-col-50 elementor-inner-column elementor-element elementor-element-71e5e70\" data-id=\"71e5e70\" data-element_type=\"column\">\n\t\t\t<div class=\"elementor-widget-wrap elementor-element-populated\">\n\t\t\t\t\t\t\t\t<div class=\"elementor-element elementor-element-68c2a25 elementor-widget elementor-widget-image\" data-id=\"68c2a25\" data-element_type=\"widget\" data-widget_type=\"image.default\">\n\t\t\t\t<div class=\"elementor-widget-container\">\n\t\t\t\t\t<div class=\"elementor-image\">\n\t\t\t\t\t\t\t\t\t\t<img loading=\"lazy\" decoding=\"async\" width=\"450\" height=\"600\" src=\"https:\/\/aeds-tunisie.com\/wp-content\/uploads\/2021\/04\/124.jpg\" class=\"attachment-full size-full\" alt=\"\" srcset=\"https:\/\/aeds-tunisie.com\/wp-content\/uploads\/2021\/04\/124.jpg 450w, https:\/\/aeds-tunisie.com\/wp-content\/uploads\/2021\/04\/124-225x300.jpg 225w\" sizes=\"auto, (max-width: 450px) 100vw, 450px\" \/>\t\t\t\t\t\t\t\t\t\t\t<\/div>\n\t\t\t\t<\/div>\n\t\t\t\t<\/div>\n\t\t\t\t\t<\/div>\n\t\t<\/div>\n\t\t\t\t\t\t\t<\/div>\n\t\t<\/section>\n\t\t\t\t\t<\/div>\n\t\t<\/div>\n\t\t\t\t\t\t\t<\/div>\n\t\t<\/section>\n\t\t\t\t<section class=\"elementor-section elementor-top-section elementor-element elementor-element-224a0d5 elementor-section-boxed elementor-section-height-default elementor-section-height-default\" data-id=\"224a0d5\" data-element_type=\"section\">\n\t\t\t\t\t\t<div class=\"elementor-container elementor-column-gap-default\">\n\t\t\t\t\t<div class=\"elementor-column elementor-col-100 elementor-top-column elementor-element elementor-element-ada5557\" data-id=\"ada5557\" data-element_type=\"column\">\n\t\t\t<div class=\"elementor-widget-wrap elementor-element-populated\">\n\t\t\t\t\t\t\t\t<div class=\"elementor-element elementor-element-3629854 gyan-title-st-line-after gyan-title-desc-left elementor-widget elementor-widget-gyan_title\" data-id=\"3629854\" data-element_type=\"widget\" data-widget_type=\"gyan_title.default\">\n\t\t\t\t<div class=\"elementor-widget-container\">\n\t\t\t\t\t<div class=\"gyan-title\">\n\t\t\t<div class=\"gyan-title-subtitle\"><span>AEDS<\/span><\/div><h2 class=\"gyan-title-heading\">Le Conseil administratif<\/h2><div class=\"gyan-title-desc\">\n<\/div>\t\t<\/div>\n\t\t\t\t<\/div>\n\t\t\t\t<\/div>\n\t\t\t\t<div class=\"elementor-element elementor-element-759e4ff elementor-grid-3 elementor-grid-tablet-2 elementor-grid-mobile-1 elementor-widget elementor-widget-gyan_team\" data-id=\"759e4ff\" data-element_type=\"widget\" data-settings=\"{&quot;columns&quot;:&quot;3&quot;,&quot;columns_tablet&quot;:&quot;2&quot;,&quot;columns_mobile&quot;:&quot;1&quot;}\" data-widget_type=\"gyan_team.default\">\n\t\t\t\t<div class=\"elementor-widget-container\">\n\t\t\t\n         <div class=\"gyan-team gyan-team-759e4ff\" data-layout=\"grid\" data-rtl=\"false\">\n            <div class=\"gyan-team-grid gyan-elementor-grid\">\n\n            \n        \t\t<div class=\"gyan-team-item gyan-grid-item-wrap\">\n                    <div class=\"gyan-team-item-inner gyan-grid-item\">\n\n            \t\t\t<div class=\"gyan-team-image\">\n            \t\t\t\t<a href=\"#\" class=\"gyan-team-link gyan-team-img-link\"><\/a>                            <img decoding=\"async\" src=\"https:\/\/aeds-tunisie.com\/wp-content\/uploads\/2022\/10\/3-150x150.jpg\" alt=\"\" \/>\n\n            \t\t\t\t\n                                <div class=\"gyan-team-social\">\n                \t\t\t\t\t<ul class=\"gyan-ease-transition\">\n                                                                                    <li><a href=\"#\" class=\"gyan-icon\" target=\"_blank\"><i aria-hidden=\"true\" class=\"fab fa-twitter\"><\/i><\/a><\/li>\n                                                                                                                            <li><a href=\"#\" class=\"gyan-icon\" target=\"_blank\"><i aria-hidden=\"true\" class=\"fab fa-facebook-f\"><\/i><\/a><\/li>\n                                                                                                                            <li><a href=\"#\" class=\"gyan-icon\" target=\"_blank\"><i aria-hidden=\"true\" class=\"fab fa-linkedin-in\"><\/i><\/a><\/li>\n                                                                                                                            <li><a href=\"#\" class=\"gyan-icon\" target=\"_blank\"><i aria-hidden=\"true\" class=\"fab fa-instagram\"><\/i><\/a><\/li>\n                                                        \t\t\t\t\t<\/ul>\n                \t\t\t\t<\/div>\n\n                                                    <\/div>\n\n                                                    <div class=\"gyan-team-share-icon\"><span><i class=\"fas fa-share-alt\"><\/i><\/span><\/div>\n                        \n                        <div class=\"gyan-team-content gyan-ease-transition\">\n            \t\t\t\t<div class=\"gyan-team-name\"><h6  class=\"gyan-team-name-tag\"><a href=\"#\" class=\"gyan-team-link\">Wahiba Houiji<\/a><\/h6><\/div>\n            \t\t\t\t<div class=\"gyan-team-position\">President<\/div>\n            \t\t\t<\/div>\n        \t\t  <\/div>\n                <\/div>\n\n            \n        \t\t<div class=\"gyan-team-item gyan-grid-item-wrap\">\n                    <div class=\"gyan-team-item-inner gyan-grid-item\">\n\n            \t\t\t<div class=\"gyan-team-image\">\n            \t\t\t\t<a href=\"#\" class=\"gyan-team-link gyan-team-img-link\"><\/a>                            <img decoding=\"async\" src=\"https:\/\/aeds-tunisie.com\/wp-content\/uploads\/2022\/10\/305833663_3352081688356497_3937889695651989324_n-150x150.jpg\" alt=\"\" \/>\n\n            \t\t\t\t\n                                <div class=\"gyan-team-social\">\n                \t\t\t\t\t<ul class=\"gyan-ease-transition\">\n                                                                                    <li><a href=\"#\" class=\"gyan-icon\" target=\"_blank\"><i aria-hidden=\"true\" class=\"fab fa-twitter\"><\/i><\/a><\/li>\n                                                                                                                            <li><a href=\"#\" class=\"gyan-icon\" target=\"_blank\"><i aria-hidden=\"true\" class=\"fab fa-facebook-f\"><\/i><\/a><\/li>\n                                                                                                                            <li><a href=\"#\" class=\"gyan-icon\" target=\"_blank\"><i aria-hidden=\"true\" class=\"fab fa-linkedin-in\"><\/i><\/a><\/li>\n                                                                                                                            <li><a href=\"#\" class=\"gyan-icon\" target=\"_blank\"><i aria-hidden=\"true\" class=\"fab fa-instagram\"><\/i><\/a><\/li>\n                                                        \t\t\t\t\t<\/ul>\n                \t\t\t\t<\/div>\n\n                                                    <\/div>\n\n                                                    <div class=\"gyan-team-share-icon\"><span><i class=\"fas fa-share-alt\"><\/i><\/span><\/div>\n                        \n                        <div class=\"gyan-team-content gyan-ease-transition\">\n            \t\t\t\t<div class=\"gyan-team-name\"><h6  class=\"gyan-team-name-tag\"><a href=\"#\" class=\"gyan-team-link\">Salma Harbaoui<\/a><\/h6><\/div>\n            \t\t\t\t<div class=\"gyan-team-position\">Secr\u00e9taire G\u00e9n\u00e9rale <\/div>\n            \t\t\t<\/div>\n        \t\t  <\/div>\n                <\/div>\n\n            \n        \t\t<div class=\"gyan-team-item gyan-grid-item-wrap\">\n                    <div class=\"gyan-team-item-inner gyan-grid-item\">\n\n            \t\t\t<div class=\"gyan-team-image\">\n            \t\t\t\t<a href=\"#\" class=\"gyan-team-link gyan-team-img-link\"><\/a>                            <img decoding=\"async\" src=\"https:\/\/aeds-tunisie.com\/wp-content\/uploads\/2022\/10\/numerisation0050-1-150x150.jpg\" alt=\"\" \/>\n\n            \t\t\t\t\n                                <div class=\"gyan-team-social\">\n                \t\t\t\t\t<ul class=\"gyan-ease-transition\">\n                                                                                    <li><a href=\"#\" class=\"gyan-icon\" target=\"_blank\"><i aria-hidden=\"true\" class=\"fab fa-twitter\"><\/i><\/a><\/li>\n                                                                                                                            <li><a href=\"#\" class=\"gyan-icon\" target=\"_blank\"><i aria-hidden=\"true\" class=\"fab fa-facebook-f\"><\/i><\/a><\/li>\n                                                                                                                            <li><a href=\"#\" class=\"gyan-icon\" target=\"_blank\"><i aria-hidden=\"true\" class=\"fab fa-linkedin-in\"><\/i><\/a><\/li>\n                                                                                                                            <li><a href=\"#\" class=\"gyan-icon\" target=\"_blank\"><i aria-hidden=\"true\" class=\"fab fa-instagram\"><\/i><\/a><\/li>\n                                                        \t\t\t\t\t<\/ul>\n                \t\t\t\t<\/div>\n\n                                                    <\/div>\n\n                                                    <div class=\"gyan-team-share-icon\"><span><i class=\"fas fa-share-alt\"><\/i><\/span><\/div>\n                        \n                        <div class=\"gyan-team-content gyan-ease-transition\">\n            \t\t\t\t<div class=\"gyan-team-name\"><h6  class=\"gyan-team-name-tag\"><a href=\"#\" class=\"gyan-team-link\">Mohamed Ali Hammoudi<\/a><\/h6><\/div>\n            \t\t\t\t<div class=\"gyan-team-position\">Tr\u00e9sorier<\/div>\n            \t\t\t<\/div>\n        \t\t  <\/div>\n                <\/div>\n\n                        <div class=\"clear\"><\/div>\n            <\/div>\n        <\/div>\n        <div class=\"clear\"><\/div>\n\n\t\t\t\t<\/div>\n\t\t\t\t<\/div>\n\t\t\t\t\t<\/div>\n\t\t<\/div>\n\t\t\t\t\t\t\t<\/div>\n\t\t<\/section>\n\t\t\t\t<section class=\"elementor-section elementor-top-section elementor-element elementor-element-a43d516 elementor-section-boxed elementor-section-height-default elementor-section-height-default\" data-id=\"a43d516\" data-element_type=\"section\">\n\t\t\t\t\t\t<div class=\"elementor-container elementor-column-gap-default\">\n\t\t\t\t\t<div class=\"elementor-column elementor-col-100 elementor-top-column elementor-element elementor-element-7713c0b\" data-id=\"7713c0b\" data-element_type=\"column\">\n\t\t\t<div class=\"elementor-widget-wrap elementor-element-populated\">\n\t\t\t\t\t\t\t\t<div class=\"elementor-element elementor-element-771edf4 gyan-title-st-line-after gyan-title-desc-left elementor-widget elementor-widget-gyan_title\" data-id=\"771edf4\" data-element_type=\"widget\" data-widget_type=\"gyan_title.default\">\n\t\t\t\t<div class=\"elementor-widget-container\">\n\t\t\t\t\t<div class=\"gyan-title\">\n\t\t\t<div class=\"gyan-title-subtitle\"><span>AEDS<\/span><\/div><h2 class=\"gyan-title-heading\">Les membres du bureau ex\u00e9cutif<\/h2><div class=\"gyan-title-desc\">\n<\/div>\t\t<\/div>\n\t\t\t\t<\/div>\n\t\t\t\t<\/div>\n\t\t\t\t<div class=\"elementor-element elementor-element-61c91ec elementor-grid-4 elementor-grid-tablet-2 elementor-grid-mobile-1 elementor-widget elementor-widget-gyan_team\" data-id=\"61c91ec\" data-element_type=\"widget\" data-settings=\"{&quot;columns&quot;:&quot;4&quot;,&quot;columns_tablet&quot;:&quot;2&quot;,&quot;columns_mobile&quot;:&quot;1&quot;}\" data-widget_type=\"gyan_team.default\">\n\t\t\t\t<div class=\"elementor-widget-container\">\n\t\t\t\n         <div class=\"gyan-team gyan-team-61c91ec\" data-layout=\"grid\" data-rtl=\"false\">\n            <div class=\"gyan-team-grid gyan-elementor-grid\">\n\n            \n        \t\t<div class=\"gyan-team-item gyan-grid-item-wrap\">\n                    <div class=\"gyan-team-item-inner gyan-grid-item\">\n\n            \t\t\t<div class=\"gyan-team-image\">\n            \t\t\t\t<a href=\"#\" class=\"gyan-team-link gyan-team-img-link\"><\/a>                            <img decoding=\"async\" src=\"https:\/\/aeds-tunisie.com\/wp-content\/uploads\/2021\/06\/1-150x150.jpg\" alt=\"\" \/>\n\n            \t\t\t\t\n                                <div class=\"gyan-team-social\">\n                \t\t\t\t\t<ul class=\"gyan-ease-transition\">\n                                                                                    <li><a href=\"#\" class=\"gyan-icon\" target=\"_blank\"><i aria-hidden=\"true\" class=\"fab fa-twitter\"><\/i><\/a><\/li>\n                                                                                                                            <li><a href=\"#\" class=\"gyan-icon\" target=\"_blank\"><i aria-hidden=\"true\" class=\"fab fa-facebook-f\"><\/i><\/a><\/li>\n                                                                                                                            <li><a href=\"#\" class=\"gyan-icon\" target=\"_blank\"><i aria-hidden=\"true\" class=\"fab fa-linkedin-in\"><\/i><\/a><\/li>\n                                                                                                                            <li><a href=\"#\" class=\"gyan-icon\" target=\"_blank\"><i aria-hidden=\"true\" class=\"fab fa-instagram\"><\/i><\/a><\/li>\n                                                        \t\t\t\t\t<\/ul>\n                \t\t\t\t<\/div>\n\n                                                    <\/div>\n\n                                                    <div class=\"gyan-team-share-icon\"><span><i class=\"fas fa-share-alt\"><\/i><\/span><\/div>\n                        \n                        <div class=\"gyan-team-content gyan-ease-transition\">\n            \t\t\t\t<div class=\"gyan-team-name\"><h6  class=\"gyan-team-name-tag\"><a href=\"#\" class=\"gyan-team-link\">Abderrazek SMAOUI<\/a><\/h6><\/div>\n            \t\t\t\t<div class=\"gyan-team-position\">Responsable du comit\u00e9 scientifiques<\/div>\n            \t\t\t<\/div>\n        \t\t  <\/div>\n                <\/div>\n\n            \n        \t\t<div class=\"gyan-team-item gyan-grid-item-wrap\">\n                    <div class=\"gyan-team-item-inner gyan-grid-item\">\n\n            \t\t\t<div class=\"gyan-team-image\">\n            \t\t\t\t<a href=\"#\" class=\"gyan-team-link gyan-team-img-link\"><\/a>                            <img decoding=\"async\" src=\"https:\/\/aeds-tunisie.com\/wp-content\/uploads\/2021\/06\/2-150x150.jpg\" alt=\"\" \/>\n\n            \t\t\t\t\n                                <div class=\"gyan-team-social\">\n                \t\t\t\t\t<ul class=\"gyan-ease-transition\">\n                                                                                    <li><a href=\"#\" class=\"gyan-icon\" target=\"_blank\"><i aria-hidden=\"true\" class=\"fab fa-twitter\"><\/i><\/a><\/li>\n                                                                                                                            <li><a href=\"#\" class=\"gyan-icon\" target=\"_blank\"><i aria-hidden=\"true\" class=\"fab fa-facebook-f\"><\/i><\/a><\/li>\n                                                                                                                            <li><a href=\"#\" class=\"gyan-icon\" target=\"_blank\"><i aria-hidden=\"true\" class=\"fab fa-linkedin-in\"><\/i><\/a><\/li>\n                                                                                                                            <li><a href=\"#\" class=\"gyan-icon\" target=\"_blank\"><i aria-hidden=\"true\" class=\"fab fa-instagram\"><\/i><\/a><\/li>\n                                                        \t\t\t\t\t<\/ul>\n                \t\t\t\t<\/div>\n\n                                                    <\/div>\n\n                                                    <div class=\"gyan-team-share-icon\"><span><i class=\"fas fa-share-alt\"><\/i><\/span><\/div>\n                        \n                        <div class=\"gyan-team-content gyan-ease-transition\">\n            \t\t\t\t<div class=\"gyan-team-name\"><h6  class=\"gyan-team-name-tag\"><a href=\"#\" class=\"gyan-team-link\">Najet LARBI                         <\/a><\/h6><\/div>\n            \t\t\t\t<div class=\"gyan-team-position\">Responsable du comit\u00e9 culturel<\/div>\n            \t\t\t<\/div>\n        \t\t  <\/div>\n                <\/div>\n\n            \n        \t\t<div class=\"gyan-team-item gyan-grid-item-wrap\">\n                    <div class=\"gyan-team-item-inner gyan-grid-item\">\n\n            \t\t\t<div class=\"gyan-team-image\">\n            \t\t\t\t<a href=\"#\" class=\"gyan-team-link gyan-team-img-link\"><\/a>                            <img decoding=\"async\" src=\"https:\/\/aeds-tunisie.com\/wp-content\/uploads\/2022\/10\/306028013_1118235989113269_492594732242616543_n-150x150.jpg\" alt=\"\" \/>\n\n            \t\t\t\t\n                                <div class=\"gyan-team-social\">\n                \t\t\t\t\t<ul class=\"gyan-ease-transition\">\n                                                                                    <li><a href=\"#\" class=\"gyan-icon\" target=\"_blank\"><i aria-hidden=\"true\" class=\"fab fa-twitter\"><\/i><\/a><\/li>\n                                                                                                                            <li><a href=\"#\" class=\"gyan-icon\" target=\"_blank\"><i aria-hidden=\"true\" class=\"fab fa-facebook-f\"><\/i><\/a><\/li>\n                                                                                                                            <li><a href=\"#\" class=\"gyan-icon\" target=\"_blank\"><i aria-hidden=\"true\" class=\"fab fa-linkedin-in\"><\/i><\/a><\/li>\n                                                                                                                            <li><a href=\"#\" class=\"gyan-icon\" target=\"_blank\"><i aria-hidden=\"true\" class=\"fab fa-instagram\"><\/i><\/a><\/li>\n                                                        \t\t\t\t\t<\/ul>\n                \t\t\t\t<\/div>\n\n                                                    <\/div>\n\n                                                    <div class=\"gyan-team-share-icon\"><span><i class=\"fas fa-share-alt\"><\/i><\/span><\/div>\n                        \n                        <div class=\"gyan-team-content gyan-ease-transition\">\n            \t\t\t\t<div class=\"gyan-team-name\"><h6  class=\"gyan-team-name-tag\"><a href=\"#\" class=\"gyan-team-link\">Radouane Larbi                   <\/a><\/h6><\/div>\n            \t\t\t\t<div class=\"gyan-team-position\">Responsable du comit\u00e9 technique<\/div>\n            \t\t\t<\/div>\n        \t\t  <\/div>\n                <\/div>\n\n            \n        \t\t<div class=\"gyan-team-item gyan-grid-item-wrap\">\n                    <div class=\"gyan-team-item-inner gyan-grid-item\">\n\n            \t\t\t<div class=\"gyan-team-image\">\n            \t\t\t\t<a href=\"#\" class=\"gyan-team-link gyan-team-img-link\"><\/a>                            <img decoding=\"async\" src=\"https:\/\/aeds-tunisie.com\/wp-content\/uploads\/2022\/10\/187342453_1017541245448037_3354363938140965233_n-150x150.jpg\" alt=\"\" \/>\n\n            \t\t\t\t\n                                <div class=\"gyan-team-social\">\n                \t\t\t\t\t<ul class=\"gyan-ease-transition\">\n                                                                                    <li><a href=\"#\" class=\"gyan-icon\" target=\"_blank\"><i aria-hidden=\"true\" class=\"fab fa-twitter\"><\/i><\/a><\/li>\n                                                                                                                            <li><a href=\"#\" class=\"gyan-icon\" target=\"_blank\"><i aria-hidden=\"true\" class=\"fab fa-facebook-f\"><\/i><\/a><\/li>\n                                                                                                                            <li><a href=\"#\" class=\"gyan-icon\" target=\"_blank\"><i aria-hidden=\"true\" class=\"fab fa-linkedin-in\"><\/i><\/a><\/li>\n                                                                                                                            <li><a href=\"#\" class=\"gyan-icon\" target=\"_blank\"><i aria-hidden=\"true\" class=\"fab fa-instagram\"><\/i><\/a><\/li>\n                                                        \t\t\t\t\t<\/ul>\n                \t\t\t\t<\/div>\n\n                                                    <\/div>\n\n                                                    <div class=\"gyan-team-share-icon\"><span><i class=\"fas fa-share-alt\"><\/i><\/span><\/div>\n                        \n                        <div class=\"gyan-team-content gyan-ease-transition\">\n            \t\t\t\t<div class=\"gyan-team-name\"><h6  class=\"gyan-team-name-tag\"><a href=\"#\" class=\"gyan-team-link\">Basma YAKOUBI               <\/a><\/h6><\/div>\n            \t\t\t\t<div class=\"gyan-team-position\">Responsable du comit\u00e9 de l\u2019\u00e9ducation \u00e0   l\u2019environnement <\/div>\n            \t\t\t<\/div>\n        \t\t  <\/div>\n                <\/div>\n\n                        <div class=\"clear\"><\/div>\n            <\/div>\n        <\/div>\n        <div class=\"clear\"><\/div>\n\n\t\t\t\t<\/div>\n\t\t\t\t<\/div>\n\t\t\t\t\t<\/div>\n\t\t<\/div>\n\t\t\t\t\t\t\t<\/div>\n\t\t<\/section>\n\t\t\t\t\t\t<\/div>\n\t\t\t\t\t<\/div>\n\t\t","protected":false},"excerpt":{"rendered":"<p>AEDS Le Conseil administratif L&rsquo;association est administr\u00e9e par un conseil d&rsquo;administration compos\u00e9 de 07 membres, qui sont \u00e9lus au scrutin secret pour une dur\u00e9e de trois ans par l&rsquo;assembl\u00e9e g\u00e9n\u00e9rale. Le conseil est renouvel\u00e9 tous les trois ans. La composition du Conseil d&rsquo;administration et du mandat \u00e9lectif en 2022 est [&hellip;]<\/p>\n","protected":false},"author":1,"featured_media":0,"parent":0,"menu_order":0,"comment_status":"closed","ping_status":"closed","template":"","meta":{"footnotes":""},"class_list":["post-3442","page","type-page","status-publish","hentry"],"_links":{"self":[{"href":"https:\/\/aeds-tunisie.com\/index.php?rest_route=\/wp\/v2\/pages\/3442","targetHints":{"allow":["GET"]}}],"collection":[{"href":"https:\/\/aeds-tunisie.com\/index.php?rest_route=\/wp\/v2\/pages"}],"about":[{"href":"https:\/\/aeds-tunisie.com\/index.php?rest_route=\/wp\/v2\/types\/page"}],"author":[{"embeddable":true,"href":"https:\/\/aeds-tunisie.com\/index.php?rest_route=\/wp\/v2\/users\/1"}],"replies":[{"embeddable":true,"href":"https:\/\/aeds-tunisie.com\/index.php?rest_route=%2Fwp%2Fv2%2Fcomments&post=3442"}],"version-history":[{"count":34,"href":"https:\/\/aeds-tunisie.com\/index.php?rest_route=\/wp\/v2\/pages\/3442\/revisions"}],"predecessor-version":[{"id":3750,"href":"https:\/\/aeds-tunisie.com\/index.php?rest_route=\/wp\/v2\/pages\/3442\/revisions\/3750"}],"wp:attachment":[{"href":"https:\/\/aeds-tunisie.com\/index.php?rest_route=%2Fwp%2Fv2%2Fmedia&parent=3442"}],"curies":[{"name":"wp","href":"https:\/\/api.w.org\/{rel}","templated":true}]}}