{"id":3772,"date":"2023-08-14T16:33:59","date_gmt":"2023-08-14T14:33:59","guid":{"rendered":"http:\/\/aeds-tunisie.com\/?page_id=3772"},"modified":"2023-08-16T14:55:42","modified_gmt":"2023-08-16T12:55:42","slug":"agriculture-durable","status":"publish","type":"page","link":"https:\/\/aeds-tunisie.com\/?page_id=3772","title":{"rendered":"Valorisation des esp\u00e8ces floristiques"},"content":{"rendered":"\t\t<div data-elementor-type=\"wp-page\" data-elementor-id=\"3772\" class=\"elementor elementor-3772\" data-elementor-settings=\"[]\">\n\t\t\t\t\t\t\t<div class=\"elementor-section-wrap\">\n\t\t\t\t\t\t\t<section class=\"elementor-section elementor-top-section elementor-element elementor-element-7d0707f elementor-section-boxed elementor-section-height-default elementor-section-height-default\" data-id=\"7d0707f\" data-element_type=\"section\">\n\t\t\t\t\t\t<div class=\"elementor-container elementor-column-gap-default\">\n\t\t\t\t\t<div class=\"elementor-column elementor-col-100 elementor-top-column elementor-element elementor-element-12cfed5\" data-id=\"12cfed5\" data-element_type=\"column\">\n\t\t\t<div class=\"elementor-widget-wrap elementor-element-populated\">\n\t\t\t\t\t\t\t\t<div class=\"elementor-element elementor-element-aec2f6c gyan-title-st-line-after elementor-widget elementor-widget-gyan_title\" data-id=\"aec2f6c\" data-element_type=\"widget\" data-widget_type=\"gyan_title.default\">\n\t\t\t\t<div class=\"elementor-widget-container\">\n\t\t\t\t\t<div class=\"gyan-title\">\n\t\t\t<div class=\"gyan-title-subtitle\"><span>AEDS<\/span><\/div><h2 class=\"gyan-title-heading\">Valorisation des esp\u00e8ces floristiques de Sabkhet Soliman<\/h2>\t\t<\/div>\n\t\t\t\t<\/div>\n\t\t\t\t<\/div>\n\t\t\t\t\t<\/div>\n\t\t<\/div>\n\t\t\t\t\t\t\t<\/div>\n\t\t<\/section>\n\t\t\t\t<section class=\"elementor-section elementor-top-section elementor-element elementor-element-966d8d2 elementor-section-boxed elementor-section-height-default elementor-section-height-default\" data-id=\"966d8d2\" data-element_type=\"section\">\n\t\t\t\t\t\t<div class=\"elementor-container elementor-column-gap-default\">\n\t\t\t\t\t<div class=\"elementor-column elementor-col-100 elementor-top-column elementor-element elementor-element-af94121\" data-id=\"af94121\" data-element_type=\"column\">\n\t\t\t<div class=\"elementor-widget-wrap elementor-element-populated\">\n\t\t\t\t\t\t\t\t<div class=\"elementor-element elementor-element-2336dce elementor-widget elementor-widget-heading\" data-id=\"2336dce\" data-element_type=\"widget\" data-widget_type=\"heading.default\">\n\t\t\t\t<div class=\"elementor-widget-container\">\n\t\t\t<h2 class=\"elementor-heading-title elementor-size-default\">Dans la partie Nord Est de Sabkhet Soliman, il existe trois types de juncus<\/h2>\t\t<\/div>\n\t\t\t\t<\/div>\n\t\t\t\t\t<\/div>\n\t\t<\/div>\n\t\t\t\t\t\t\t<\/div>\n\t\t<\/section>\n\t\t\t\t<section class=\"elementor-section elementor-top-section elementor-element elementor-element-3d4d534 elementor-section-boxed elementor-section-height-default elementor-section-height-default\" data-id=\"3d4d534\" data-element_type=\"section\">\n\t\t\t\t\t\t<div class=\"elementor-container elementor-column-gap-default\">\n\t\t\t\t\t<div class=\"elementor-column elementor-col-100 elementor-top-column elementor-element elementor-element-8a0140e\" data-id=\"8a0140e\" data-element_type=\"column\">\n\t\t\t<div class=\"elementor-widget-wrap elementor-element-populated\">\n\t\t\t\t\t\t\t\t<div class=\"elementor-element elementor-element-9051389 elementor-widget elementor-widget-image\" data-id=\"9051389\" data-element_type=\"widget\" data-widget_type=\"image.default\">\n\t\t\t\t<div class=\"elementor-widget-container\">\n\t\t\t\t\t<div class=\"elementor-image\">\n\t\t\t\t\t\t\t\t\t\t<img loading=\"lazy\" decoding=\"async\" width=\"768\" height=\"509\" src=\"https:\/\/aeds-tunisie.com\/wp-content\/uploads\/2023\/08\/DSC_2403-768x509.jpg\" class=\"attachment-medium_large size-medium_large\" alt=\"\" srcset=\"https:\/\/aeds-tunisie.com\/wp-content\/uploads\/2023\/08\/DSC_2403-768x509.jpg 768w, https:\/\/aeds-tunisie.com\/wp-content\/uploads\/2023\/08\/DSC_2403-300x199.jpg 300w, https:\/\/aeds-tunisie.com\/wp-content\/uploads\/2023\/08\/DSC_2403-1024x678.jpg 1024w, https:\/\/aeds-tunisie.com\/wp-content\/uploads\/2023\/08\/DSC_2403-1536x1017.jpg 1536w, https:\/\/aeds-tunisie.com\/wp-content\/uploads\/2023\/08\/DSC_2403-2048x1356.jpg 2048w\" sizes=\"auto, (max-width: 768px) 100vw, 768px\" \/>\t\t\t\t\t\t\t\t\t\t\t<\/div>\n\t\t\t\t<\/div>\n\t\t\t\t<\/div>\n\t\t\t\t\t<\/div>\n\t\t<\/div>\n\t\t\t\t\t\t\t<\/div>\n\t\t<\/section>\n\t\t\t\t<section class=\"elementor-section elementor-top-section elementor-element elementor-element-77f8c5e elementor-section-boxed elementor-section-height-default elementor-section-height-default\" data-id=\"77f8c5e\" data-element_type=\"section\">\n\t\t\t\t\t\t<div class=\"elementor-container elementor-column-gap-default\">\n\t\t\t\t\t<div class=\"elementor-column elementor-col-33 elementor-top-column elementor-element elementor-element-c46c214\" data-id=\"c46c214\" data-element_type=\"column\">\n\t\t\t<div class=\"elementor-widget-wrap elementor-element-populated\">\n\t\t\t\t\t\t\t\t<div class=\"elementor-element elementor-element-7689bdd elementor-widget elementor-widget-text-editor\" data-id=\"7689bdd\" data-element_type=\"widget\" data-widget_type=\"text-editor.default\">\n\t\t\t\t<div class=\"elementor-widget-container\">\n\t\t\t\t\t<div class=\"elementor-text-editor elementor-clearfix\"><div align=\"justify\"><p><span style=\"text-decoration: underline;\"><em><strong>Juncus acutus : jonc aigu<\/strong><\/em><\/span><br \/><br \/><\/p><p>Ce jonc se pr\u00e9sente en grosses touffes, presque h\u00e9misph\u00e9riques, d&rsquo;un vert fonc\u00e9. Tiges nombreuses, nues, dures, de 50 \u00e0 80 cm de long, cylindriques et piquants. Cette esp\u00e8ce se rencontre sur les sables humides sal\u00e9s, les bords des oueds.<\/p><\/div><\/div>\n\t\t\t\t<\/div>\n\t\t\t\t<\/div>\n\t\t\t\t\t<\/div>\n\t\t<\/div>\n\t\t\t\t<div class=\"elementor-column elementor-col-33 elementor-top-column elementor-element elementor-element-1326dd4\" data-id=\"1326dd4\" data-element_type=\"column\">\n\t\t\t<div class=\"elementor-widget-wrap elementor-element-populated\">\n\t\t\t\t\t\t\t\t<div class=\"elementor-element elementor-element-f9228cf elementor-widget elementor-widget-text-editor\" data-id=\"f9228cf\" data-element_type=\"widget\" data-widget_type=\"text-editor.default\">\n\t\t\t\t<div class=\"elementor-widget-container\">\n\t\t\t\t\t<div class=\"elementor-text-editor elementor-clearfix\"><div align=\"justify\"><p><span style=\"text-decoration: underline;\"><em><strong>Juncus effusus : jonc<\/strong><\/em><\/span><br \/><span style=\"text-decoration: underline;\"><em><strong>diffus<\/strong><\/em><\/span><br \/>Le rhizome de la plante est tra\u00e7ant avec des tiges de 50 \u00e0 100 cm de long, de couleur est vert clair, nue tr\u00e8s lisses sur le frais et finement stri\u00e9es sur le sec. La floraison de juin \u00e0 octobre. Il se d\u00e9veloppe dans les mar\u00e9cages aux bords de l\u2019eau.<\/p><\/div><\/div>\n\t\t\t\t<\/div>\n\t\t\t\t<\/div>\n\t\t\t\t\t<\/div>\n\t\t<\/div>\n\t\t\t\t<div class=\"elementor-column elementor-col-33 elementor-top-column elementor-element elementor-element-41fa212\" data-id=\"41fa212\" data-element_type=\"column\">\n\t\t\t<div class=\"elementor-widget-wrap elementor-element-populated\">\n\t\t\t\t\t\t\t\t<div class=\"elementor-element elementor-element-7c90c3a elementor-widget elementor-widget-image\" data-id=\"7c90c3a\" data-element_type=\"widget\" data-widget_type=\"image.default\">\n\t\t\t\t<div class=\"elementor-widget-container\">\n\t\t\t\t\t<div class=\"elementor-image\">\n\t\t\t\t\t\t\t\t\t\t<img decoding=\"async\" src=\"https:\/\/aeds-tunisie.com\/wp-content\/uploads\/2023\/08\/1.jpg\" title=\"1\" alt=\"1\" \/>\t\t\t\t\t\t\t\t\t\t\t<\/div>\n\t\t\t\t<\/div>\n\t\t\t\t<\/div>\n\t\t\t\t\t<\/div>\n\t\t<\/div>\n\t\t\t\t\t\t\t<\/div>\n\t\t<\/section>\n\t\t\t\t<section class=\"elementor-section elementor-top-section elementor-element elementor-element-f951b56 elementor-section-boxed elementor-section-height-default elementor-section-height-default\" data-id=\"f951b56\" data-element_type=\"section\">\n\t\t\t\t\t\t<div class=\"elementor-container elementor-column-gap-default\">\n\t\t\t\t\t<div class=\"elementor-column elementor-col-100 elementor-top-column elementor-element elementor-element-d6745e0\" data-id=\"d6745e0\" data-element_type=\"column\">\n\t\t\t<div class=\"elementor-widget-wrap elementor-element-populated\">\n\t\t\t\t\t\t\t\t<div class=\"elementor-element elementor-element-1285472 elementor-widget elementor-widget-text-editor\" data-id=\"1285472\" data-element_type=\"widget\" data-widget_type=\"text-editor.default\">\n\t\t\t\t<div class=\"elementor-widget-container\">\n\t\t\t\t\t<div class=\"elementor-text-editor elementor-clearfix\"><div align=\"justify\"><p><span style=\"text-decoration: underline;\"><em><strong>Juncus maritimus : Jonc<\/strong><\/em><\/span><br \/><span style=\"text-decoration: underline;\"><em><strong>maritime<\/strong><\/em><\/span><br \/>Le Rhizome tra\u00e7ant \u00e9mettant des tiges parall\u00e8les et longues, en file, rectiligne. Tiges nues et dures toutes radicales, piquants, pourvues \u00e0 la base d\u2019\u00e9cailles engainantes brun\u00e2tres. Inflorescence entre mai et novembre. Le jonc maritime se trouve dans les mar\u00e9cages et sabl\u00e9s sal\u00e9s en peuplement denses.<\/p><\/div><\/div>\n\t\t\t\t<\/div>\n\t\t\t\t<\/div>\n\t\t\t\t\t<\/div>\n\t\t<\/div>\n\t\t\t\t\t\t\t<\/div>\n\t\t<\/section>\n\t\t\t\t<section class=\"elementor-section elementor-top-section elementor-element elementor-element-6890771 elementor-section-boxed elementor-section-height-default elementor-section-height-default\" data-id=\"6890771\" data-element_type=\"section\">\n\t\t\t\t\t\t<div class=\"elementor-container elementor-column-gap-default\">\n\t\t\t\t\t<div class=\"elementor-column elementor-col-100 elementor-top-column elementor-element elementor-element-bf5f12e\" data-id=\"bf5f12e\" data-element_type=\"column\">\n\t\t\t<div class=\"elementor-widget-wrap elementor-element-populated\">\n\t\t\t\t\t\t\t\t<div class=\"elementor-element elementor-element-058b81f gyan-title-st-line-after gyan-title-desc-left elementor-widget elementor-widget-gyan_title\" data-id=\"058b81f\" data-element_type=\"widget\" data-widget_type=\"gyan_title.default\">\n\t\t\t\t<div class=\"elementor-widget-container\">\n\t\t\t\t\t<div class=\"gyan-title\">\n\t\t\t<div class=\"gyan-title-subtitle\"><span>AEDS<\/span><\/div><h2 class=\"gyan-title-heading\">Utilisation durable du Jonc<\/h2><div class=\"gyan-title-desc\">Les experts botanistes de l\u2019AEDS ont expliqu\u00e9 les m\u00e9thodes de d\u00e9termination des esp\u00e8ces\nde jonc ainsi que la fa\u00e7on correcte de les cueillir pour ne pas d\u00e9truire les racines. Les femmes\nrurales ont bien compris l\u2019importance du jonc et son utilisation future dans la cr\u00e9ation des\nproduits artisanaux.   Notre mission est de contribuer au d\u00e9veloppement environnemental, \u00e9conomique et social de la r\u00e9gion de Soliman \u00e0 travers la promotion de la conservation de la zone humide Sebkhet Soliman ainsi que la gestion durable des ressources naturelles de la r\u00e9gion. \n<\/div>\t\t<\/div>\n\t\t\t\t<\/div>\n\t\t\t\t<\/div>\n\t\t\t\t\t<\/div>\n\t\t<\/div>\n\t\t\t\t\t\t\t<\/div>\n\t\t<\/section>\n\t\t\t\t<section class=\"elementor-section elementor-top-section elementor-element elementor-element-e37a379 elementor-section-boxed elementor-section-height-default elementor-section-height-default\" data-id=\"e37a379\" data-element_type=\"section\">\n\t\t\t\t\t\t<div class=\"elementor-container elementor-column-gap-default\">\n\t\t\t\t\t<div class=\"elementor-column elementor-col-100 elementor-top-column elementor-element elementor-element-0d2a986\" data-id=\"0d2a986\" data-element_type=\"column\">\n\t\t\t<div class=\"elementor-widget-wrap elementor-element-populated\">\n\t\t\t\t\t\t\t\t<div class=\"elementor-element elementor-element-7007803 elementor-widget elementor-widget-spacer\" data-id=\"7007803\" data-element_type=\"widget\" data-widget_type=\"spacer.default\">\n\t\t\t\t<div class=\"elementor-widget-container\">\n\t\t\t\t\t<div class=\"elementor-spacer\">\n\t\t\t<div class=\"elementor-spacer-inner\"><\/div>\n\t\t<\/div>\n\t\t\t\t<\/div>\n\t\t\t\t<\/div>\n\t\t\t\t<div class=\"elementor-element elementor-element-f7a4008 elementor-widget elementor-widget-gyan_title\" data-id=\"f7a4008\" data-element_type=\"widget\" data-widget_type=\"gyan_title.default\">\n\t\t\t\t<div class=\"elementor-widget-container\">\n\t\t\t\t\t<div class=\"gyan-title\">\n\t\t\t<h2 class=\"gyan-title-heading\">T\u00e9moignage <\/h2>\t\t<\/div>\n\t\t\t\t<\/div>\n\t\t\t\t<\/div>\n\t\t\t\t\t<\/div>\n\t\t<\/div>\n\t\t\t\t\t\t\t<\/div>\n\t\t<\/section>\n\t\t\t\t<section class=\"elementor-section elementor-top-section elementor-element elementor-element-7e0f939 elementor-section-boxed elementor-section-height-default elementor-section-height-default\" data-id=\"7e0f939\" data-element_type=\"section\">\n\t\t\t\t\t\t<div class=\"elementor-container elementor-column-gap-default\">\n\t\t\t\t\t<div class=\"elementor-column elementor-col-100 elementor-top-column elementor-element elementor-element-86e9058\" data-id=\"86e9058\" data-element_type=\"column\">\n\t\t\t<div class=\"elementor-widget-wrap elementor-element-populated\">\n\t\t\t\t\t\t\t\t<div class=\"elementor-element elementor-element-741b414 elementor-aspect-ratio-169 elementor-widget elementor-widget-video\" data-id=\"741b414\" data-element_type=\"widget\" data-settings=\"{&quot;video_type&quot;:&quot;hosted&quot;,&quot;controls&quot;:&quot;yes&quot;,&quot;aspect_ratio&quot;:&quot;169&quot;}\" data-widget_type=\"video.default\">\n\t\t\t\t<div class=\"elementor-widget-container\">\n\t\t\t\t\t<div class=\"e-hosted-video elementor-wrapper elementor-fit-aspect-ratio elementor-open-inline\">\n\t\t\t\t\t<video class=\"elementor-video\" src=\"http:\/\/aeds-tunisie.com\/wp-content\/uploads\/2023\/08\/CAPSULE-ASIA-ET-SON-MARI-1.mp4\" controls=\"\" controlsList=\"nodownload\"><\/video>\n\t\t\t\t<\/div>\n\t\t\t\t<\/div>\n\t\t\t\t<\/div>\n\t\t\t\t\t<\/div>\n\t\t<\/div>\n\t\t\t\t\t\t\t<\/div>\n\t\t<\/section>\n\t\t\t\t\t\t<\/div>\n\t\t\t\t\t<\/div>\n\t\t","protected":false},"excerpt":{"rendered":"<p>AEDS Valorisation des esp\u00e8ces floristiques de Sabkhet Soliman Dans la partie Nord Est de Sabkhet Soliman, il existe trois types de juncus Juncus acutus : jonc aigu Ce jonc se pr\u00e9sente en grosses touffes, presque h\u00e9misph\u00e9riques, d&rsquo;un vert fonc\u00e9. Tiges nombreuses, nues, dures, de 50 \u00e0 80 cm de long, [&hellip;]<\/p>\n","protected":false},"author":1,"featured_media":0,"parent":0,"menu_order":0,"comment_status":"closed","ping_status":"closed","template":"","meta":{"footnotes":""},"class_list":["post-3772","page","type-page","status-publish","hentry"],"_links":{"self":[{"href":"https:\/\/aeds-tunisie.com\/index.php?rest_route=\/wp\/v2\/pages\/3772","targetHints":{"allow":["GET"]}}],"collection":[{"href":"https:\/\/aeds-tunisie.com\/index.php?rest_route=\/wp\/v2\/pages"}],"about":[{"href":"https:\/\/aeds-tunisie.com\/index.php?rest_route=\/wp\/v2\/types\/page"}],"author":[{"embeddable":true,"href":"https:\/\/aeds-tunisie.com\/index.php?rest_route=\/wp\/v2\/users\/1"}],"replies":[{"embeddable":true,"href":"https:\/\/aeds-tunisie.com\/index.php?rest_route=%2Fwp%2Fv2%2Fcomments&post=3772"}],"version-history":[{"count":31,"href":"https:\/\/aeds-tunisie.com\/index.php?rest_route=\/wp\/v2\/pages\/3772\/revisions"}],"predecessor-version":[{"id":3849,"href":"https:\/\/aeds-tunisie.com\/index.php?rest_route=\/wp\/v2\/pages\/3772\/revisions\/3849"}],"wp:attachment":[{"href":"https:\/\/aeds-tunisie.com\/index.php?rest_route=%2Fwp%2Fv2%2Fmedia&parent=3772"}],"curies":[{"name":"wp","href":"https:\/\/api.w.org\/{rel}","templated":true}]}}